{"id":3,"date":"2021-10-23T13:36:36","date_gmt":"2021-10-23T16:36:36","guid":{"rendered":"https:\/\/clavedec.com.br\/prime\/?page_id=3"},"modified":"2024-03-21T14:51:48","modified_gmt":"2024-03-21T17:51:48","slug":"politica-de-privacidade","status":"publish","type":"page","link":"https:\/\/clavedec.com.br\/prime\/politica-de-privacidade\/","title":{"rendered":"Pol\u00edtica de privacidade e Termos de Servi\u00e7o"},"content":{"rendered":"\t\t<div data-elementor-type=\"wp-page\" data-elementor-id=\"3\" class=\"elementor elementor-3\" data-elementor-post-type=\"page\">\n\t\t\t\t\t\t<section class=\"elementor-section elementor-top-section elementor-element elementor-element-f501876 elementor-section-boxed elementor-section-height-default elementor-section-height-default\" data-id=\"f501876\" data-element_type=\"section\" data-e-type=\"section\" data-settings=\"{&quot;background_background&quot;:&quot;classic&quot;}\">\n\t\t\t\t\t\t<div class=\"elementor-container elementor-column-gap-default\">\n\t\t\t\t\t<div class=\"elementor-column elementor-col-100 elementor-top-column elementor-element elementor-element-86187ea\" data-id=\"86187ea\" data-element_type=\"column\" data-e-type=\"column\">\n\t\t\t<div class=\"elementor-widget-wrap elementor-element-populated\">\n\t\t\t\t\t\t<div class=\"elementor-element elementor-element-20ee86a elementor-hidden-desktop elementor-hidden-tablet elementor-widget elementor-widget-spacer\" data-id=\"20ee86a\" data-element_type=\"widget\" data-e-type=\"widget\" data-widget_type=\"spacer.default\">\n\t\t\t\t<div class=\"elementor-widget-container\">\n\t\t\t\t\t\t\t<div class=\"elementor-spacer\">\n\t\t\t<div class=\"elementor-spacer-inner\"><\/div>\n\t\t<\/div>\n\t\t\t\t\t\t<\/div>\n\t\t\t\t<\/div>\n\t\t\t\t<div class=\"elementor-element elementor-element-1065836 elementor-widget elementor-widget-heading\" data-id=\"1065836\" data-element_type=\"widget\" data-e-type=\"widget\" data-widget_type=\"heading.default\">\n\t\t\t\t<div class=\"elementor-widget-container\">\n\t\t\t\t\t<h2 class=\"elementor-heading-title elementor-size-default\">Pol\u00edtica de Privacidade e Termos de Servi\u00e7o<\/h2>\t\t\t\t<\/div>\n\t\t\t\t<\/div>\n\t\t\t\t<div class=\"elementor-element elementor-element-73d4043 elementor-widget elementor-widget-spacer\" data-id=\"73d4043\" data-element_type=\"widget\" data-e-type=\"widget\" data-widget_type=\"spacer.default\">\n\t\t\t\t<div class=\"elementor-widget-container\">\n\t\t\t\t\t\t\t<div class=\"elementor-spacer\">\n\t\t\t<div class=\"elementor-spacer-inner\"><\/div>\n\t\t<\/div>\n\t\t\t\t\t\t<\/div>\n\t\t\t\t<\/div>\n\t\t\t\t\t<\/div>\n\t\t<\/div>\n\t\t\t\t\t<\/div>\n\t\t<\/section>\n\t\t\t\t<section class=\"elementor-section elementor-top-section elementor-element elementor-element-27fa99fb elementor-section-boxed elementor-section-height-default elementor-section-height-default\" data-id=\"27fa99fb\" data-element_type=\"section\" data-e-type=\"section\" data-settings=\"{&quot;background_background&quot;:&quot;classic&quot;}\">\n\t\t\t\t\t\t<div class=\"elementor-container elementor-column-gap-default\">\n\t\t\t\t\t<div class=\"elementor-column elementor-col-100 elementor-top-column elementor-element elementor-element-541a552\" data-id=\"541a552\" data-element_type=\"column\" data-e-type=\"column\">\n\t\t\t<div class=\"elementor-widget-wrap elementor-element-populated\">\n\t\t\t\t\t\t<div class=\"elementor-element elementor-element-0784b9b elementor-widget elementor-widget-n-accordion\" data-id=\"0784b9b\" data-element_type=\"widget\" data-e-type=\"widget\" data-settings=\"{&quot;default_state&quot;:&quot;expanded&quot;,&quot;max_items_expended&quot;:&quot;one&quot;,&quot;n_accordion_animation_duration&quot;:{&quot;unit&quot;:&quot;ms&quot;,&quot;size&quot;:400,&quot;sizes&quot;:[]}}\" data-widget_type=\"nested-accordion.default\">\n\t\t\t\t<div class=\"elementor-widget-container\">\n\t\t\t\t\t\t\t<div class=\"e-n-accordion\" aria-label=\"Accordion. Open links with Enter or Space, close with Escape, and navigate with Arrow Keys\">\n\t\t\t\t\t\t<details id=\"e-n-accordion-item-7880\" class=\"e-n-accordion-item\" open>\n\t\t\t\t<summary class=\"e-n-accordion-item-title\" data-accordion-index=\"1\" tabindex=\"0\" aria-expanded=\"true\" aria-controls=\"e-n-accordion-item-7880\" >\n\t\t\t\t\t<span class='e-n-accordion-item-title-header'><div class=\"e-n-accordion-item-title-text\"> Pol\u00edtica de Privacidade <\/div><\/span>\n\t\t\t\t\t\t\t<span class='e-n-accordion-item-title-icon'>\n\t\t\t<span class='e-opened' ><i aria-hidden=\"true\" class=\"fas fa-minus\"><\/i><\/span>\n\t\t\t<span class='e-closed'><i aria-hidden=\"true\" class=\"fas fa-plus\"><\/i><\/span>\n\t\t<\/span>\n\n\t\t\t\t\t\t<\/summary>\n\t\t\t\t<div role=\"region\" aria-labelledby=\"e-n-accordion-item-7880\" class=\"elementor-element elementor-element-cb3b61a e-con-full e-flex e-con e-child\" data-id=\"cb3b61a\" data-element_type=\"container\" data-e-type=\"container\">\n\t\t<div role=\"region\" aria-labelledby=\"e-n-accordion-item-7880\" class=\"elementor-element elementor-element-9b64e61 e-flex e-con-boxed e-con e-child\" data-id=\"9b64e61\" data-element_type=\"container\" data-e-type=\"container\">\n\t\t\t\t\t<div class=\"e-con-inner\">\n\t\t\t\t<div class=\"elementor-element elementor-element-eb8c7cf elementor-widget elementor-widget-text-editor\" data-id=\"eb8c7cf\" data-element_type=\"widget\" data-e-type=\"widget\" data-widget_type=\"text-editor.default\">\n\t\t\t\t<div class=\"elementor-widget-container\">\n\t\t\t\t\t\t\t\t\t<h3><strong>Pol\u00edtica de Privacidade<\/strong><\/h3><h5>Quem Somos<\/h5><p>Bem-vindo ao Clave Prime, seu destino online para acesso a uma ampla variedade de materiais musicais, atividades e recursos educacionais para enriquecer suas aulas de m\u00fasica. Nosso site est\u00e1 localizado em <a href=\"https:\/\/clavedec.com.br\/prime\" target=\"_new\">https:\/\/clavedec.com.br\/prime<\/a> e estamos comprometidos em proteger a privacidade e seguran\u00e7a das informa\u00e7\u00f5es dos nossos usu\u00e1rios.<\/p><h5>Coment\u00e1rios<\/h5><p>Quando os visitantes deixam coment\u00e1rios em nosso site, coletamos os dados fornecidos no formul\u00e1rio de coment\u00e1rios, incluindo nome, e-mail e site (opcional). Al\u00e9m disso, coletamos o endere\u00e7o IP e dados do navegador do visitante para ajudar na detec\u00e7\u00e3o de spam. Ap\u00f3s a aprova\u00e7\u00e3o do coment\u00e1rio, a foto de perfil do usu\u00e1rio, se dispon\u00edvel, pode ser exibida publicamente junto com o coment\u00e1rio.<\/p><h5>M\u00eddia<\/h5><p>Se os usu\u00e1rios enviarem imagens para nosso site, recomendamos evitar o envio de imagens que contenham dados de localiza\u00e7\u00e3o incorporados (EXIF GPS). Os visitantes podem baixar essas imagens do site e extrair dados de localiza\u00e7\u00e3o delas.<\/p><h5>Cookies<\/h5><p>Ao interagir com nosso site, voc\u00ea pode optar por salvar seu nome, e-mail e site nos cookies. Esses cookies visam seu conforto, evitando que voc\u00ea precise preencher seus dados novamente ao fazer outro coment\u00e1rio. Os cookies podem durar at\u00e9 um ano. Al\u00e9m disso, ao acessar nossa conta no site, criamos cookies para salvar os dados da conta e prefer\u00eancias de exibi\u00e7\u00e3o de tela. Esses cookies de login s\u00e3o mantidos por dois dias, e os cookies de op\u00e7\u00f5es de tela duram um ano. Se voc\u00ea selecionar &#8220;Lembrar-me&#8221;, seu acesso ser\u00e1 mantido por duas semanas. Os cookies s\u00e3o descartados quando voc\u00ea fecha o navegador.<\/p><h5>M\u00eddia incorporada de outros sites<\/h5><p>Nosso site pode incluir conte\u00fado incorporado de outros sites, como v\u00eddeos, imagens ou artigos. O comportamento desse conte\u00fado incorporado \u00e9 semelhante ao visitar o site de origem. Esses sites podem coletar dados sobre voc\u00ea, usar cookies e monitorar sua intera\u00e7\u00e3o com o conte\u00fado incorporado.<\/p><h5>Compartilhamento de dados<\/h5><p>Se voc\u00ea solicitar uma redefini\u00e7\u00e3o de senha, seu endere\u00e7o IP ser\u00e1 inclu\u00eddo no e-mail de redefini\u00e7\u00e3o de senha. N\u00e3o compartilhamos seus dados pessoais com terceiros, exceto quando necess\u00e1rio para o funcionamento do site ou para cumprir obriga\u00e7\u00f5es legais.<\/p><h5>Reten\u00e7\u00e3o de dados<\/h5><p>Coment\u00e1rios e metadados associados s\u00e3o retidos indefinidamente. Para usu\u00e1rios registrados em nosso site, armazenamos as informa\u00e7\u00f5es pessoais fornecidas em seus perfis de usu\u00e1rio. Todos os usu\u00e1rios podem visualizar, editar ou excluir suas informa\u00e7\u00f5es pessoais a qualquer momento.<\/p><h5>Seus direitos sobre seus dados<\/h5><p>Se voc\u00ea tiver uma conta em nosso site ou tiver deixado coment\u00e1rios, pode solicitar um arquivo exportado dos dados pessoais que mantemos sobre voc\u00ea. Tamb\u00e9m pode solicitar a exclus\u00e3o de seus dados pessoais, exceto aqueles que somos obrigados a manter para fins administrativos, legais ou de seguran\u00e7a.<\/p><h5>Contato<\/h5><p>Se voc\u00ea tiver d\u00favidas sobre nossa pol\u00edtica de privacidade ou desejar exercer seus direitos de privacidade, entre em contato conosco pelo e-mail: <a target=\"_new\">contato@clavedec.com.br<\/a>.<\/p>\t\t\t\t\t\t\t\t<\/div>\n\t\t\t\t<\/div>\n\t\t\t\t\t<\/div>\n\t\t\t\t<\/div>\n\t\t\t\t<\/div>\n\t\t\t\t\t<\/details>\n\t\t\t\t\t\t<details id=\"e-n-accordion-item-7881\" class=\"e-n-accordion-item\" >\n\t\t\t\t<summary class=\"e-n-accordion-item-title\" data-accordion-index=\"2\" tabindex=\"-1\" aria-expanded=\"false\" aria-controls=\"e-n-accordion-item-7881\" >\n\t\t\t\t\t<span class='e-n-accordion-item-title-header'><div class=\"e-n-accordion-item-title-text\"> Termos de Servi\u00e7os <\/div><\/span>\n\t\t\t\t\t\t\t<span class='e-n-accordion-item-title-icon'>\n\t\t\t<span class='e-opened' ><i aria-hidden=\"true\" class=\"fas fa-minus\"><\/i><\/span>\n\t\t\t<span class='e-closed'><i aria-hidden=\"true\" class=\"fas fa-plus\"><\/i><\/span>\n\t\t<\/span>\n\n\t\t\t\t\t\t<\/summary>\n\t\t\t\t<div role=\"region\" aria-labelledby=\"e-n-accordion-item-7881\" class=\"elementor-element elementor-element-e8c7f64 e-con-full e-flex e-con e-child\" data-id=\"e8c7f64\" data-element_type=\"container\" data-e-type=\"container\">\n\t\t<div role=\"region\" aria-labelledby=\"e-n-accordion-item-7881\" class=\"elementor-element elementor-element-704f257 e-flex e-con-boxed e-con e-child\" data-id=\"704f257\" data-element_type=\"container\" data-e-type=\"container\">\n\t\t\t\t\t<div class=\"e-con-inner\">\n\t\t\t\t<div class=\"elementor-element elementor-element-0f8c2dd elementor-widget elementor-widget-text-editor\" data-id=\"0f8c2dd\" data-element_type=\"widget\" data-e-type=\"widget\" data-widget_type=\"text-editor.default\">\n\t\t\t\t<div class=\"elementor-widget-container\">\n\t\t\t\t\t\t\t\t\t<div class=\"e-n-accordion-item-title-text\"><h3><strong>Termos e Servi\u00e7os<\/strong><\/h3><p>Bem-vindo ao Clave Prime! Estes Termos de Servi\u00e7o (&#8220;Termos&#8221;) regem o uso do nosso site e dos servi\u00e7os oferecidos por n\u00f3s.<\/p><h5>1. Aceita\u00e7\u00e3o dos Termos<\/h5><p>Ao acessar ou usar nosso site, voc\u00ea concorda em cumprir estes Termos e todas as leis e regulamentos aplic\u00e1veis. Se voc\u00ea n\u00e3o concordar com estes Termos, por favor, n\u00e3o use nosso site.<\/p><h5>2. Uso do Site<\/h5><p>Voc\u00ea concorda em usar nosso site apenas para fins legais e de acordo com estes Termos. Voc\u00ea concorda em n\u00e3o usar nosso site de qualquer forma que possa prejudicar, desabilitar, sobrecarregar ou comprometer nosso servidor ou a seguran\u00e7a de nossos sistemas.<\/p><h5>3. Propriedade Intelectual<\/h5><p>Todo o conte\u00fado do nosso site, incluindo textos, gr\u00e1ficos, logotipos, \u00edcones de bot\u00f5es, imagens, clipes de \u00e1udio e v\u00eddeo, downloads digitais e dados coletivos, \u00e9 de propriedade exclusiva de Clave Prime e est\u00e1 protegido pelas leis de direitos autorais e outras leis de propriedade intelectual.<\/p><h5>4. Privacidade<\/h5><p>Nossa Pol\u00edtica de Privacidade explica como coletamos, usamos e protegemos suas informa\u00e7\u00f5es pessoais ao usar nosso site. Ao usar nosso site, voc\u00ea concorda com a coleta e uso de suas informa\u00e7\u00f5es conforme descrito em nossa Pol\u00edtica de Privacidade.<\/p><h5>5. Acesso aos Materiais<\/h5><p>Ao assinar qualquer plano, voc\u00ea ter\u00e1 acesso total aos materiais da plataforma, incluindo atividades, jogos em PDF, jogos em PPT e recursos musicais. O acesso ser\u00e1 liberado ap\u00f3s a confirma\u00e7\u00e3o de pagamento. Caso n\u00e3o receba o e-mail com as instru\u00e7\u00f5es em at\u00e9 24 horas, entre em contato com o suporte do site.<\/p><h5>6. Pagamento e Cancelamento<\/h5><p>Os pre\u00e7os dos planos s\u00e3o: R$9,99 mensais, R$29,99 trimestrais, R$59,99 semestrais e R$107,90 anuais. N\u00e3o h\u00e1 limite de downloads por dia e n\u00e3o existe multa de cancelamento.<\/p><p><strong>6.1 Planos Recorrentes:<\/strong> Ao assinar qualquer um dos nossos planos, voc\u00ea concorda com a natureza recorrente dos pagamentos. Nossos planos s\u00e3o cobrados periodicamente de acordo com a frequ\u00eancia escolhida durante o processo de assinatura: mensal, trimestral, semestral ou anual.<\/p><p><strong>6.2 Renova\u00e7\u00e3o Autom\u00e1tica:<\/strong> Todos os planos s\u00e3o renovados automaticamente ao final do per\u00edodo de assinatura vigente, a menos que o cancelamento seja solicitado antes da data de renova\u00e7\u00e3o. A renova\u00e7\u00e3o autom\u00e1tica garante a continuidade do acesso aos nossos materiais musicais sem interrup\u00e7\u00f5es.<\/p><p><strong>6.3 Notifica\u00e7\u00e3o de Renova\u00e7\u00e3o:<\/strong> Enviaremos um aviso de renova\u00e7\u00e3o por e-mail antes da data de renova\u00e7\u00e3o, fornecendo informa\u00e7\u00f5es sobre o pr\u00f3ximo pagamento e dando a oportunidade de efetuar altera\u00e7\u00f5es ou cancelar a assinatura, conforme desejado.<\/p><p><strong>6.4 Cancelamento:<\/strong> Voc\u00ea pode cancelar sua assinatura a qualquer momento, antes da data de renova\u00e7\u00e3o. Para facilitar o processo de cancelamento e dar mais autonomia aos nossos clientes, voc\u00ea pode cancelar sua assinatura diretamente atrav\u00e9s da da sua conta Clave Prime ou pelo site da Hotmart. Mas, se preferir, pode entrar em contato conosco pelo Whatsapp ou pelo e-mail contato@clavedec.com.br pedindo o cancelamento. O cancelamento efetuado antes da data de renova\u00e7\u00e3o evitar\u00e1 a cobran\u00e7a do pr\u00f3ximo per\u00edodo de assinatura.<\/p><p><strong>6.5 Reembolsos:<\/strong> N\u00e3o oferecemos reembolsos parciais ou totais por per\u00edodos de assinatura n\u00e3o utilizados, a menos que exigido por lei. Cancelar a assinatura resultar\u00e1 na perda do acesso aos materiais musicais no final do per\u00edodo de assinatura vigente.<\/p><p><strong>6.6 Altera\u00e7\u00f5es nos Termos de Pagamento:<\/strong> Reservamo-nos o direito de alterar os termos de pagamento, incluindo pre\u00e7os e condi\u00e7\u00f5es de pagamento, mediante aviso pr\u00e9vio razo\u00e1vel aos assinantes afetados.<\/p><p><strong>6.7 Responsabilidade do Cliente:<\/strong> \u00c9 responsabilidade do cliente garantir que as informa\u00e7\u00f5es de pagamento fornecidas sejam precisas e atualizadas para evitar a interrup\u00e7\u00e3o do acesso aos nossos servi\u00e7os de assinatura.<\/p><h5>7. Contato<\/h5><p>Se voc\u00ea tiver alguma d\u00favida sobre estes Termos, entre em contato conosco pelo WhatsApp ou envie um e-mail para: contato@clavedec.com.br.<\/p><p>Estes Termos de Servi\u00e7o foram atualizados pela \u00faltima vez em 21\/03\/24.<\/p><\/div>\t\t\t\t\t\t\t\t<\/div>\n\t\t\t\t<\/div>\n\t\t\t\t\t<\/div>\n\t\t\t\t<\/div>\n\t\t\t\t<\/div>\n\t\t\t\t\t<\/details>\n\t\t\t\t\t<\/div>\n\t\t\t\t\t\t<\/div>\n\t\t\t\t<\/div>\n\t\t\t\t\t<\/div>\n\t\t<\/div>\n\t\t\t\t\t<\/div>\n\t\t<\/section>\n\t\t\t\t<\/div>\n\t\t","protected":false},"excerpt":{"rendered":"<p>Pol\u00edtica de Privacidade e Termos de Servi\u00e7o Pol\u00edtica de Privacidade Pol\u00edtica de Privacidade Quem Somos Bem-vindo ao Clave Prime, seu destino online para acesso a uma ampla variedade de materiais musicais, atividades e recursos educacionais para enriquecer suas aulas de m\u00fasica. Nosso site est\u00e1 localizado em https:\/\/clavedec.com.br\/prime e estamos comprometidos em proteger a privacidade e [&hellip;]<\/p>\n","protected":false},"author":1,"featured_media":0,"parent":0,"menu_order":0,"comment_status":"closed","ping_status":"closed","template":"elementor_header_footer","meta":{"pmpro_default_level":"","footnotes":""},"class_list":["post-3","page","type-page","status-publish","hentry","pmpro-has-access"],"_links":{"self":[{"href":"https:\/\/clavedec.com.br\/prime\/wp-json\/wp\/v2\/pages\/3","targetHints":{"allow":["GET"]}}],"collection":[{"href":"https:\/\/clavedec.com.br\/prime\/wp-json\/wp\/v2\/pages"}],"about":[{"href":"https:\/\/clavedec.com.br\/prime\/wp-json\/wp\/v2\/types\/page"}],"author":[{"embeddable":true,"href":"https:\/\/clavedec.com.br\/prime\/wp-json\/wp\/v2\/users\/1"}],"replies":[{"embeddable":true,"href":"https:\/\/clavedec.com.br\/prime\/wp-json\/wp\/v2\/comments?post=3"}],"version-history":[{"count":23,"href":"https:\/\/clavedec.com.br\/prime\/wp-json\/wp\/v2\/pages\/3\/revisions"}],"predecessor-version":[{"id":44536,"href":"https:\/\/clavedec.com.br\/prime\/wp-json\/wp\/v2\/pages\/3\/revisions\/44536"}],"wp:attachment":[{"href":"https:\/\/clavedec.com.br\/prime\/wp-json\/wp\/v2\/media?parent=3"}],"curies":[{"name":"wp","href":"https:\/\/api.w.org\/{rel}","templated":true}]}}